{"id":2,"date":"2025-09-08T14:42:12","date_gmt":"2025-09-08T14:42:12","guid":{"rendered":"http:\/\/34.162.73.8\/?page_id=2"},"modified":"2025-09-09T08:15:12","modified_gmt":"2025-09-09T06:15:12","slug":"sample-page","status":"publish","type":"page","link":"https:\/\/autoescaner.com\/?page_id=2","title":{"rendered":"S\u00e9 el primero en descubrir las automatizaciones que transforman negocios"},"content":{"rendered":"\n<p>Cada semana te enviar\u00e9 estrategias, casos reales y novedades sobre automatizaci\u00f3n e inteligencia artificial que puedes aplicar desde ya para ahorrar tiempo y escalar tu negocio.<br>Sin spam, solo valor pr\u00e1ctico.<\/p>\n\n\n\n<blockquote class=\"wp-block-quote is-layout-flow wp-block-quote-is-layout-flow\">\n<p>\ud83d\udd14 Suscr\u00edbete gratis y recibe tu primera gu\u00eda de automatizaci\u00f3n en el correo.<\/p>\n<\/blockquote>\n\n\n\n<p><\/p>\n","protected":false},"excerpt":{"rendered":"<p>Cada semana te enviar\u00e9 estrategias, casos reales y novedades sobre automatizaci\u00f3n e inteligencia artificial que puedes aplicar desde ya para ahorrar tiempo y escalar tu negocio.Sin spam, solo valor pr\u00e1ctico. \ud83d\udd14 Suscr\u00edbete gratis y recibe tu primera gu\u00eda de automatizaci\u00f3n en el correo.<\/p>\n","protected":false},"author":1,"featured_media":0,"parent":0,"menu_order":0,"comment_status":"closed","ping_status":"open","template":"","meta":{"inline_featured_image":false,"footnotes":""},"class_list":["post-2","page","type-page","status-publish"],"_links":{"self":[{"href":"https:\/\/autoescaner.com\/index.php?rest_route=\/wp\/v2\/pages\/2","targetHints":{"allow":["GET"]}}],"collection":[{"href":"https:\/\/autoescaner.com\/index.php?rest_route=\/wp\/v2\/pages"}],"about":[{"href":"https:\/\/autoescaner.com\/index.php?rest_route=\/wp\/v2\/types\/page"}],"author":[{"embeddable":true,"href":"https:\/\/autoescaner.com\/index.php?rest_route=\/wp\/v2\/users\/1"}],"replies":[{"embeddable":true,"href":"https:\/\/autoescaner.com\/index.php?rest_route=%2Fwp%2Fv2%2Fcomments&post=2"}],"version-history":[{"count":2,"href":"https:\/\/autoescaner.com\/index.php?rest_route=\/wp\/v2\/pages\/2\/revisions"}],"predecessor-version":[{"id":21,"href":"https:\/\/autoescaner.com\/index.php?rest_route=\/wp\/v2\/pages\/2\/revisions\/21"}],"wp:attachment":[{"href":"https:\/\/autoescaner.com\/index.php?rest_route=%2Fwp%2Fv2%2Fmedia&parent=2"}],"curies":[{"name":"wp","href":"https:\/\/api.w.org\/{rel}","templated":true}]}}