{"id":24,"date":"2025-09-09T10:58:56","date_gmt":"2025-09-09T08:58:56","guid":{"rendered":"https:\/\/autoescaner.com\/?page_id=24"},"modified":"2025-09-09T11:16:01","modified_gmt":"2025-09-09T09:16:01","slug":"inicio","status":"publish","type":"page","link":"https:\/\/autoescaner.com\/","title":{"rendered":"Inicio"},"content":{"rendered":"\t\t<div data-elementor-type=\"wp-page\" data-elementor-id=\"24\" class=\"elementor elementor-24\" data-elementor-post-type=\"page\">\n\t\t\t\t<div class=\"elementor-element elementor-element-81b9026 e-flex e-con-boxed e-con e-parent\" data-id=\"81b9026\" data-element_type=\"container\" id=\"hero\" data-settings=\"{&quot;background_background&quot;:&quot;classic&quot;}\">\n\t\t\t\t\t<div class=\"e-con-inner\">\n\t\t<div class=\"elementor-element elementor-element-484b7ad e-con-full e-flex e-con e-child\" data-id=\"484b7ad\" data-element_type=\"container\">\n\t\t\t\t<div class=\"elementor-element elementor-element-7f0410d elementor-widget elementor-widget-image\" data-id=\"7f0410d\" data-element_type=\"widget\" data-widget_type=\"image.default\">\n\t\t\t\t<div class=\"elementor-widget-container\">\n\t\t\t\t\t\t\t\t\t\t\t\t\t\t\t<img decoding=\"async\" src=\"https:\/\/autoescaner.com\/wp-content\/themes\/generatepress-child\/assets\/hero-automatizaciones.svg\" title=\"\" alt=\"\" loading=\"lazy\" \/>\t\t\t\t\t\t\t\t\t\t\t\t\t\t\t<\/div>\n\t\t\t\t<\/div>\n\t\t\t\t<\/div>\n\t\t<div class=\"elementor-element elementor-element-f95072c e-con-full e-flex e-con e-child\" data-id=\"f95072c\" data-element_type=\"container\">\n\t\t\t\t<div class=\"elementor-element elementor-element-9e6588a elementor-widget elementor-widget-heading\" data-id=\"9e6588a\" data-element_type=\"widget\" data-widget_type=\"heading.default\">\n\t\t\t\t<div class=\"elementor-widget-container\">\n\t\t\t\t\t<h1 class=\"elementor-heading-title elementor-size-default\"><h1 id=\"hero-title\">Impulsa tu negocio con automatizaciones inteligentes<\/h1>\n      <p>Reduce costes, escala m\u00e1s r\u00e1pido y libera tiempo con flujos autom\u00e1ticos potenciados por IA.<\/p><\/h1>\t\t\t\t<\/div>\n\t\t\t\t<\/div>\n\t\t\t\t<div class=\"elementor-element elementor-element-e8bd240 elementor-align-center elementor-widget elementor-widget-button\" data-id=\"e8bd240\" data-element_type=\"widget\" data-widget_type=\"button.default\">\n\t\t\t\t<div class=\"elementor-widget-container\">\n\t\t\t\t\t\t\t\t\t<div class=\"elementor-button-wrapper\">\n\t\t\t\t\t<a class=\"elementor-button elementor-button-link elementor-size-lg\" href=\"#cta\">\n\t\t\t\t\t\t<span class=\"elementor-button-content-wrapper\">\n\t\t\t\t\t\t\t\t\t<span class=\"elementor-button-text\">Empieza gratis<\/span>\n\t\t\t\t\t<\/span>\n\t\t\t\t\t<\/a>\n\t\t\t\t<\/div>\n\t\t\t\t\t\t\t\t<\/div>\n\t\t\t\t<\/div>\n\t\t\t\t<div class=\"elementor-element elementor-element-70c7ed4 elementor-align-center elementor-widget elementor-widget-button\" data-id=\"70c7ed4\" data-element_type=\"widget\" data-widget_type=\"button.default\">\n\t\t\t\t<div class=\"elementor-widget-container\">\n\t\t\t\t\t\t\t\t\t<div class=\"elementor-button-wrapper\">\n\t\t\t\t\t<a class=\"elementor-button elementor-button-link elementor-size-lg\" href=\"#contacto\">\n\t\t\t\t\t\t<span class=\"elementor-button-content-wrapper\">\n\t\t\t\t\t\t\t\t\t<span class=\"elementor-button-text\">Solicita demo<\/span>\n\t\t\t\t\t<\/span>\n\t\t\t\t\t<\/a>\n\t\t\t\t<\/div>\n\t\t\t\t\t\t\t\t<\/div>\n\t\t\t\t<\/div>\n\t\t\t\t<\/div>\n\t\t\t\t\t<\/div>\n\t\t\t\t<\/div>\n\t\t\t\t<section class=\"elementor-section elementor-top-section elementor-element elementor-element-1c318b6f-97a4-4149-b250-f870f1b2e978 elementor-section-boxed elementor-section-height-default elementor-section-height-default\" data-id=\"1c318b6f-97a4-4149-b250-f870f1b2e978\" data-element_type=\"section\">\n\t\t\t\t\t\t<div class=\"elementor-container elementor-column-gap-default\">\n\t\t\t\t\t<div class=\"elementor-column elementor-col-33 elementor-top-column elementor-element elementor-element-ca2cfa27-3bef-471d-888a-79b9b9faef20\" data-id=\"ca2cfa27-3bef-471d-888a-79b9b9faef20\" data-element_type=\"column\">\n\t\t\t<div class=\"elementor-widget-wrap elementor-element-populated\">\n\t\t\t\t\t\t<div class=\"elementor-element elementor-element-b1669308-ed64-4baf-929f-b6444aada869 elementor-widget elementor-widget-image\" data-id=\"b1669308-ed64-4baf-929f-b6444aada869\" data-element_type=\"widget\" data-widget_type=\"image.default\">\n\t\t\t\t<div class=\"elementor-widget-container\">\n\t\t\t\t\t\t\t\t\t\t\t\t\t\t\t<img decoding=\"async\" src=\"https:\/\/autoescaner.com\/wp-content\/themes\/generatepress-child\/assets\/beneficio-velocidad.png\" title=\"\" alt=\"\" loading=\"lazy\" \/>\t\t\t\t\t\t\t\t\t\t\t\t\t\t\t<\/div>\n\t\t\t\t<\/div>\n\t\t\t\t<div class=\"elementor-element elementor-element-278a7d71-e1c9-4809-9d49-0720caaeed8d elementor-widget elementor-widget-heading\" data-id=\"278a7d71-e1c9-4809-9d49-0720caaeed8d\" data-element_type=\"widget\" data-widget_type=\"heading.default\">\n\t\t\t\t<div class=\"elementor-widget-container\">\n\t\t\t\t\t<h3 class=\"elementor-heading-title elementor-size-default\">Velocidad<\/h3>\t\t\t\t<\/div>\n\t\t\t\t<\/div>\n\t\t\t\t<div class=\"elementor-element elementor-element-011cbe15-eb32-4220-b10d-95f2952c7d56 elementor-widget elementor-widget-text-editor\" data-id=\"011cbe15-eb32-4220-b10d-95f2952c7d56\" data-element_type=\"widget\" data-widget_type=\"text-editor.default\">\n\t\t\t\t<div class=\"elementor-widget-container\">\n\t\t\t\t\t\t\t\t\tProcesos optimizados que multiplican la productividad de tu equipo.\t\t\t\t\t\t\t\t<\/div>\n\t\t\t\t<\/div>\n\t\t\t\t\t<\/div>\n\t\t<\/div>\n\t\t\t\t<div class=\"elementor-column elementor-col-33 elementor-top-column elementor-element elementor-element-32308f68-1b53-442b-915a-570205b73e5f\" data-id=\"32308f68-1b53-442b-915a-570205b73e5f\" data-element_type=\"column\">\n\t\t\t<div class=\"elementor-widget-wrap elementor-element-populated\">\n\t\t\t\t\t\t<div class=\"elementor-element elementor-element-d5f512c5-1a3c-4b75-a39f-12a59515d1a9 elementor-widget elementor-widget-image\" data-id=\"d5f512c5-1a3c-4b75-a39f-12a59515d1a9\" data-element_type=\"widget\" data-widget_type=\"image.default\">\n\t\t\t\t<div class=\"elementor-widget-container\">\n\t\t\t\t\t\t\t\t\t\t\t\t\t\t\t<img decoding=\"async\" src=\"https:\/\/autoescaner.com\/wp-content\/themes\/generatepress-child\/assets\/beneficio-escalabilidad.png\" title=\"\" alt=\"\" loading=\"lazy\" \/>\t\t\t\t\t\t\t\t\t\t\t\t\t\t\t<\/div>\n\t\t\t\t<\/div>\n\t\t\t\t<div class=\"elementor-element elementor-element-6ff1daff-6d38-48dc-8c0e-116f99f9dafa elementor-widget elementor-widget-heading\" data-id=\"6ff1daff-6d38-48dc-8c0e-116f99f9dafa\" data-element_type=\"widget\" data-widget_type=\"heading.default\">\n\t\t\t\t<div class=\"elementor-widget-container\">\n\t\t\t\t\t<h3 class=\"elementor-heading-title elementor-size-default\">Escalabilidad<\/h3>\t\t\t\t<\/div>\n\t\t\t\t<\/div>\n\t\t\t\t<div class=\"elementor-element elementor-element-34aed0de-a5ea-417d-9545-2cb5a015d2c9 elementor-widget elementor-widget-text-editor\" data-id=\"34aed0de-a5ea-417d-9545-2cb5a015d2c9\" data-element_type=\"widget\" data-widget_type=\"text-editor.default\">\n\t\t\t\t<div class=\"elementor-widget-container\">\n\t\t\t\t\t\t\t\t\t<p>Soluciones que crecen contigo, sin fricciones t\u00e9cnicas.<\/p>\t\t\t\t\t\t\t\t<\/div>\n\t\t\t\t<\/div>\n\t\t\t\t\t<\/div>\n\t\t<\/div>\n\t\t\t\t<div class=\"elementor-column elementor-col-33 elementor-top-column elementor-element elementor-element-550ba714-38a8-4d7f-897e-772094aaa16f\" data-id=\"550ba714-38a8-4d7f-897e-772094aaa16f\" data-element_type=\"column\">\n\t\t\t<div class=\"elementor-widget-wrap elementor-element-populated\">\n\t\t\t\t\t\t<div class=\"elementor-element elementor-element-d401ee3b-b2a2-439b-b138-e2e0f59fdf5c elementor-widget elementor-widget-image\" data-id=\"d401ee3b-b2a2-439b-b138-e2e0f59fdf5c\" data-element_type=\"widget\" data-widget_type=\"image.default\">\n\t\t\t\t<div class=\"elementor-widget-container\">\n\t\t\t\t\t\t\t\t\t\t\t\t\t\t\t<img decoding=\"async\" src=\"https:\/\/autoescaner.com\/wp-content\/themes\/generatepress-child\/assets\/beneficio-ia.png\" title=\"\" alt=\"\" loading=\"lazy\" \/>\t\t\t\t\t\t\t\t\t\t\t\t\t\t\t<\/div>\n\t\t\t\t<\/div>\n\t\t\t\t<div class=\"elementor-element elementor-element-9b8cee86-6489-4311-b877-539e6327e354 elementor-widget elementor-widget-heading\" data-id=\"9b8cee86-6489-4311-b877-539e6327e354\" data-element_type=\"widget\" data-widget_type=\"heading.default\">\n\t\t\t\t<div class=\"elementor-widget-container\">\n\t\t\t\t\t<h3 class=\"elementor-heading-title elementor-size-default\">IA Integrada<\/h3>\t\t\t\t<\/div>\n\t\t\t\t<\/div>\n\t\t\t\t<div class=\"elementor-element elementor-element-0fb3b239-1d87-40d8-98e1-ac1be4bbf901 elementor-widget elementor-widget-text-editor\" data-id=\"0fb3b239-1d87-40d8-98e1-ac1be4bbf901\" data-element_type=\"widget\" data-widget_type=\"text-editor.default\">\n\t\t\t\t<div class=\"elementor-widget-container\">\n\t\t\t\t\t\t\t\t\tAutomatizaciones potenciadas por IA para mejores decisiones.\t\t\t\t\t\t\t\t<\/div>\n\t\t\t\t<\/div>\n\t\t\t\t\t<\/div>\n\t\t<\/div>\n\t\t\t\t\t<\/div>\n\t\t<\/section>\n\t\t\t\t<section class=\"elementor-section elementor-top-section elementor-element elementor-element-ca616635-c0a8-4912-8365-42dde79b2c37 elementor-section-boxed elementor-section-height-default elementor-section-height-default\" data-id=\"ca616635-c0a8-4912-8365-42dde79b2c37\" data-element_type=\"section\" data-settings=\"{&quot;background_background&quot;:&quot;classic&quot;}\">\n\t\t\t\t\t\t<div class=\"elementor-container elementor-column-gap-default\">\n\t\t\t\t\t<div class=\"elementor-column elementor-col-100 elementor-top-column elementor-element elementor-element-96416258-daa1-4f60-a5d1-72446689d024\" data-id=\"96416258-daa1-4f60-a5d1-72446689d024\" data-element_type=\"column\">\n\t\t\t<div class=\"elementor-widget-wrap elementor-element-populated\">\n\t\t\t\t\t\t<div class=\"elementor-element elementor-element-85fc6b57-8d03-41d7-a01d-fd498c09adb3 elementor-widget elementor-widget-text-editor\" data-id=\"85fc6b57-8d03-41d7-a01d-fd498c09adb3\" data-element_type=\"widget\" data-widget_type=\"text-editor.default\">\n\t\t\t\t<div class=\"elementor-widget-container\">\n\t\t\t\t\t\t\t\t\t<p><em>Hemos ahorrado 40 horas al mes gracias a estas automatizaciones.<\/em><br \/><strong>Carlos, CEO Startup Tech<\/strong><\/p>\t\t\t\t\t\t\t\t<\/div>\n\t\t\t\t<\/div>\n\t\t\t\t\t<\/div>\n\t\t<\/div>\n\t\t\t\t\t<\/div>\n\t\t<\/section>\n\t\t\t\t<section class=\"elementor-section elementor-top-section elementor-element elementor-element-fd4df653-4e10-4375-b291-8395e8ed72ae elementor-section-boxed elementor-section-height-default elementor-section-height-default\" data-id=\"fd4df653-4e10-4375-b291-8395e8ed72ae\" data-element_type=\"section\" data-settings=\"{&quot;background_background&quot;:&quot;classic&quot;}\">\n\t\t\t\t\t\t<div class=\"elementor-container elementor-column-gap-default\">\n\t\t\t\t\t<div class=\"elementor-column elementor-col-100 elementor-top-column elementor-element elementor-element-d467fc67-ecaf-4c55-8828-2e4264a6cd33\" data-id=\"d467fc67-ecaf-4c55-8828-2e4264a6cd33\" data-element_type=\"column\">\n\t\t\t<div class=\"elementor-widget-wrap elementor-element-populated\">\n\t\t\t\t\t\t<div class=\"elementor-element elementor-element-44393b52-d582-4e45-9d61-3326ef8196d2 elementor-widget elementor-widget-heading\" data-id=\"44393b52-d582-4e45-9d61-3326ef8196d2\" data-element_type=\"widget\" data-widget_type=\"heading.default\">\n\t\t\t\t<div class=\"elementor-widget-container\">\n\t\t\t\t\t<h2 class=\"elementor-heading-title elementor-size-default\">Listo para empezar a ahorrar tiempo y dinero?<\/h2>\t\t\t\t<\/div>\n\t\t\t\t<\/div>\n\t\t\t\t<div class=\"elementor-element elementor-element-58a7ec23-7088-49b9-abc3-d545b71e5d73 elementor-align-center elementor-widget elementor-widget-button\" data-id=\"58a7ec23-7088-49b9-abc3-d545b71e5d73\" data-element_type=\"widget\" data-widget_type=\"button.default\">\n\t\t\t\t<div class=\"elementor-widget-container\">\n\t\t\t\t\t\t\t\t\t<div class=\"elementor-button-wrapper\">\n\t\t\t\t\t<a class=\"elementor-button elementor-button-link elementor-size-lg\" href=\"#contacto\">\n\t\t\t\t\t\t<span class=\"elementor-button-content-wrapper\">\n\t\t\t\t\t\t\t\t\t<span class=\"elementor-button-text\">Reserva una demo<\/span>\n\t\t\t\t\t<\/span>\n\t\t\t\t\t<\/a>\n\t\t\t\t<\/div>\n\t\t\t\t\t\t\t\t<\/div>\n\t\t\t\t<\/div>\n\t\t\t\t\t<\/div>\n\t\t<\/div>\n\t\t\t\t\t<\/div>\n\t\t<\/section>\n\t\t\t\t<\/div>\n\t\t","protected":false},"excerpt":{"rendered":"<p>Impulsa tu negocio con automatizaciones inteligentes Reduce costes, escala m\u00e1s r\u00e1pido y libera tiempo con flujos autom\u00e1ticos potenciados por IA. Empieza gratis Solicita demo Velocidad Procesos optimizados que multiplican la productividad de tu equipo. Escalabilidad Soluciones que crecen contigo, sin fricciones t\u00e9cnicas. IA Integrada Automatizaciones potenciadas por IA para mejores decisiones. Hemos ahorrado 40 horas &#8230; <a title=\"Inicio\" class=\"read-more\" href=\"https:\/\/autoescaner.com\/\" aria-label=\"Leer m\u00e1s sobre Inicio\">Leer m\u00e1s<\/a><\/p>\n","protected":false},"author":1,"featured_media":0,"parent":0,"menu_order":0,"comment_status":"closed","ping_status":"closed","template":"","meta":{"inline_featured_image":false,"footnotes":""},"class_list":["post-24","page","type-page","status-publish"],"_links":{"self":[{"href":"https:\/\/autoescaner.com\/index.php?rest_route=\/wp\/v2\/pages\/24","targetHints":{"allow":["GET"]}}],"collection":[{"href":"https:\/\/autoescaner.com\/index.php?rest_route=\/wp\/v2\/pages"}],"about":[{"href":"https:\/\/autoescaner.com\/index.php?rest_route=\/wp\/v2\/types\/page"}],"author":[{"embeddable":true,"href":"https:\/\/autoescaner.com\/index.php?rest_route=\/wp\/v2\/users\/1"}],"replies":[{"embeddable":true,"href":"https:\/\/autoescaner.com\/index.php?rest_route=%2Fwp%2Fv2%2Fcomments&post=24"}],"version-history":[{"count":15,"href":"https:\/\/autoescaner.com\/index.php?rest_route=\/wp\/v2\/pages\/24\/revisions"}],"predecessor-version":[{"id":41,"href":"https:\/\/autoescaner.com\/index.php?rest_route=\/wp\/v2\/pages\/24\/revisions\/41"}],"wp:attachment":[{"href":"https:\/\/autoescaner.com\/index.php?rest_route=%2Fwp%2Fv2%2Fmedia&parent=24"}],"curies":[{"name":"wp","href":"https:\/\/api.w.org\/{rel}","templated":true}]}}